{"id":334551,"date":"2024-11-27T14:19:03","date_gmt":"2024-11-27T11:19:03","guid":{"rendered":"https:\/\/sitenhazir.net\/doktor-sitesi\/01a\/?page_id=334551"},"modified":"2025-01-07T20:29:15","modified_gmt":"2025-01-07T17:29:15","slug":"iletisim","status":"publish","type":"page","link":"https:\/\/sitenhazir.net\/doktor-sitesi\/01a\/iletisim\/","title":{"rendered":"\u0130leti\u015fim"},"content":{"rendered":"<p>[et_pb_section fb_built=&#8221;1&#8243; module_class=&#8221;page_header_section&#8221; _builder_version=&#8221;4.27.4&#8243; _module_preset=&#8221;default&#8221; background_color=&#8221;#2f5268&#8243; custom_padding=&#8221;25px||25px||true|false&#8221; global_colors_info=&#8221;{}&#8221;][et_pb_row _builder_version=&#8221;4.27.3&#8243; _module_preset=&#8221;default&#8221; custom_padding=&#8221;25px||25px||true|false&#8221; global_colors_info=&#8221;{}&#8221;][et_pb_column type=&#8221;4_4&#8243; _builder_version=&#8221;4.27.3&#8243; _module_preset=&#8221;default&#8221; global_colors_info=&#8221;{}&#8221;][et_pb_post_title meta=&#8221;off&#8221; featured_image=&#8221;off&#8221; module_class=&#8221;page_header_title&#8221; _builder_version=&#8221;4.27.4&#8243; _module_preset=&#8221;default&#8221; title_font=&#8221;Poppins||||||||&#8221; title_text_align=&#8221;center&#8221; title_text_color=&#8221;#FFFFFF&#8221; title_font_size=&#8221;45px&#8221; global_colors_info=&#8221;{}&#8221;][\/et_pb_post_title][\/et_pb_column][\/et_pb_row][\/et_pb_section][et_pb_section fb_built=&#8221;1&#8243; _builder_version=&#8221;4.27.4&#8243; _module_preset=&#8221;default&#8221; custom_padding=&#8221;15px||15px||true|false&#8221; global_colors_info=&#8221;{}&#8221;][et_pb_row column_structure=&#8221;1_3,1_3,1_3&#8243; use_custom_gutter=&#8221;on&#8221; gutter_width=&#8221;2&#8243; make_equal=&#8221;on&#8221; _builder_version=&#8221;4.27.4&#8243; _module_preset=&#8221;default&#8221; width=&#8221;95%&#8221; max_width=&#8221;1170px&#8221; custom_padding=&#8221;15px||15px||true|false&#8221; global_colors_info=&#8221;{}&#8221;][et_pb_column type=&#8221;1_3&#8243; _builder_version=&#8221;4.16&#8243; _module_preset=&#8221;default&#8221; global_colors_info=&#8221;{}&#8221;][et_pb_text _builder_version=&#8221;4.27.4&#8243; _module_preset=&#8221;default&#8221; text_font=&#8221;Roboto|700||on|||||&#8221; text_text_color=&#8221;#000000&#8243; text_font_size=&#8221;35px&#8221; text_letter_spacing=&#8221;0.5px&#8221; text_line_height=&#8221;45px&#8221; custom_margin=&#8221;||15px||false|false&#8221; text_font_size_tablet=&#8221;30px&#8221; text_font_size_phone=&#8221;&#8221; text_font_size_last_edited=&#8221;on|phone&#8221; text_line_height_tablet=&#8221;40px&#8221; text_line_height_phone=&#8221;35px&#8221; text_line_height_last_edited=&#8221;on|phone&#8221; global_colors_info=&#8221;{}&#8221;]<\/p>\n<p>Bize Ula\u015f\u0131n<\/p>\n<p>[\/et_pb_text][et_pb_blurb title=&#8221;Adres&#8221; use_icon=&#8221;on&#8221; font_icon=&#8221;&#xe01d;||divi||400&#8243; icon_color=&#8221;#FFFFFF&#8221; image_icon_background_color=&#8221;#2F5268&#8243; icon_placement=&#8221;left&#8221; image_icon_width=&#8221;25px&#8221; content_max_width=&#8221;100%&#8221; module_class=&#8221;iletisim_adres_module&#8221; _builder_version=&#8221;4.27.4&#8243; _dynamic_attributes=&#8221;content&#8221; _module_preset=&#8221;default&#8221; header_font=&#8221;Roboto|700||on|||||&#8221; header_text_color=&#8221;#2F5268&#8243; header_font_size=&#8221;23px&#8221; header_letter_spacing=&#8221;0.5px&#8221; header_line_height=&#8221;30px&#8221; body_font=&#8221;Questrial||||||||&#8221; body_text_color=&#8221;rgba(0,0,0,0.57)&#8221; body_font_size=&#8221;18px&#8221; body_letter_spacing=&#8221;0.25px&#8221; body_line_height=&#8221;30px&#8221; image_icon_custom_padding=&#8221;8px|8px|8px|8px|false|false&#8221; custom_margin=&#8221;||40px||false|false&#8221; custom_padding=&#8221;|||15px|false|false&#8221; animation=&#8221;off&#8221; border_radii_image=&#8221;on|100%|100%|100%|100%&#8221; border_width_all_image=&#8221;2px&#8221; border_color_all_image=&#8221;#FFFFFF&#8221; icon_font_size=&#8221;25px&#8221; use_circle=&#8221;on&#8221; use_circle_border=&#8221;on&#8221; circle_border_color=&#8221;#FFFFFF&#8221; circle_border_color__hover=&#8221;#ffc527;&#8221; circle_border_color__hover_enabled=&#8221;off|desktop&#8221; circle_color=&#8221;#ffc527&#8243; circle_color__hover=&#8221;#ffc527;&#8221; circle_color__hover_enabled=&#8221;off|hover&#8221; global_colors_info=&#8221;{}&#8221; border_color_all_image__hover=&#8221;#ffc527;&#8221; border_color_all_image__hover_enabled=&#8221;off|desktop&#8221; image_icon_background_color__hover=&#8221;#ffc527;&#8221; image_icon_background_color__hover_enabled=&#8221;off|hover&#8221; image_icon_background_color__sticky_enabled=&#8221;#7EBEC5&#8243; image_icon_background_color__sticky=&#8221;#7EBEC5&#8243;]@ET-DC@eyJkeW5hbWljIjp0cnVlLCJjb250ZW50IjoiY3VzdG9tX21ldGFfYWRyZXMiLCJzZXR0aW5ncyI6eyJiZWZvcmUiOiIiLCJhZnRlciI6IiIsImVuYWJsZV9odG1sIjoib2ZmIn19@[\/et_pb_blurb][et_pb_blurb title=&#8221; Email Adresi&#8221; use_icon=&#8221;on&#8221; font_icon=&#8221;&#xe010;||divi||400&#8243; icon_color=&#8221;#FFFFFF&#8221; image_icon_background_color=&#8221;#2F5268&#8243; icon_placement=&#8221;left&#8221; image_icon_width=&#8221;25px&#8221; content_max_width=&#8221;100%&#8221; module_class=&#8221;iletisim_mail_module&#8221; _builder_version=&#8221;4.27.4&#8243; _dynamic_attributes=&#8221;content&#8221; _module_preset=&#8221;default&#8221; header_font=&#8221;Roboto|700||on|||||&#8221; header_text_color=&#8221;#2F5268&#8243; header_font_size=&#8221;23px&#8221; header_letter_spacing=&#8221;0.5px&#8221; header_line_height=&#8221;30px&#8221; body_font=&#8221;Roboto||||||||&#8221; body_text_color=&#8221;rgba(0,0,0,0.57)&#8221; body_font_size=&#8221;18px&#8221; body_letter_spacing=&#8221;0.25px&#8221; body_line_height=&#8221;30px&#8221; image_icon_custom_padding=&#8221;8px|8px|8px|8px|false|false&#8221; custom_margin=&#8221;||40px||false|false&#8221; custom_padding=&#8221;|||15px|false|false&#8221; animation=&#8221;off&#8221; border_radii_image=&#8221;on|100%|100%|100%|100%&#8221; border_width_all_image=&#8221;2px&#8221; border_color_all_image=&#8221;#FFFFFF&#8221; icon_font_size=&#8221;25px&#8221; use_circle=&#8221;on&#8221; use_circle_border=&#8221;on&#8221; circle_border_color=&#8221;#FFFFFF&#8221; circle_border_color__hover=&#8221;#ffc527;&#8221; circle_border_color__hover_enabled=&#8221;on|hover&#8221; circle_color=&#8221;#ffc527&#8243; global_colors_info=&#8221;{}&#8221; border_color_all_image__hover=&#8221;#ffc527;&#8221; border_color_all_image__hover_enabled=&#8221;on|hover&#8221; image_icon_background_color__sticky_enabled=&#8221;#7EBEC5&#8243; image_icon_background_color__sticky=&#8221;#7EBEC5&#8243;]@ET-DC@eyJkeW5hbWljIjp0cnVlLCJjb250ZW50IjoiY3VzdG9tX21ldGFfZS1tYWlsIiwic2V0dGluZ3MiOnsiYmVmb3JlIjoiIiwiYWZ0ZXIiOiIiLCJlbmFibGVfaHRtbCI6Im9mZiJ9fQ==@[\/et_pb_blurb][et_pb_blurb title=&#8221;Telefon&#8221; use_icon=&#8221;on&#8221; font_icon=&#8221;&#xe00b;||divi||400&#8243; icon_color=&#8221;#FFFFFF&#8221; image_icon_background_color=&#8221;#2F5268&#8243; icon_placement=&#8221;left&#8221; image_icon_width=&#8221;25px&#8221; content_max_width=&#8221;100%&#8221; module_class=&#8221;iletisim_telefon_module&#8221; _builder_version=&#8221;4.27.4&#8243; _dynamic_attributes=&#8221;content&#8221; _module_preset=&#8221;default&#8221; header_font=&#8221;Roboto|700||on|||||&#8221; header_text_color=&#8221;#2F5268&#8243; header_font_size=&#8221;23px&#8221; header_letter_spacing=&#8221;0.5px&#8221; header_line_height=&#8221;30px&#8221; body_font=&#8221;Roboto||||||||&#8221; body_text_color=&#8221;rgba(0,0,0,0.57)&#8221; body_font_size=&#8221;18px&#8221; body_letter_spacing=&#8221;0.25px&#8221; body_line_height=&#8221;30px&#8221; image_icon_custom_padding=&#8221;8px|8px|8px|8px|false|false&#8221; custom_margin=&#8221;||40px||false|false&#8221; custom_padding=&#8221;|||15px|false|false&#8221; animation=&#8221;off&#8221; border_radii_image=&#8221;on|100%|100%|100%|100%&#8221; border_width_all_image=&#8221;2px&#8221; border_color_all_image=&#8221;#FFFFFF&#8221; icon_font_size=&#8221;25px&#8221; use_circle=&#8221;on&#8221; use_circle_border=&#8221;on&#8221; circle_border_color=&#8221;#FFFFFF&#8221; circle_color=&#8221;#ffc527&#8243; global_colors_info=&#8221;{}&#8221; image_icon_background_color__sticky_enabled=&#8221;#7EBEC5&#8243; image_icon_background_color__sticky=&#8221;#7EBEC5&#8243;]@ET-DC@eyJkeW5hbWljIjp0cnVlLCJjb250ZW50IjoiY3VzdG9tX21ldGFfdGVsZWZvbiIsInNldHRpbmdzIjp7ImJlZm9yZSI6IiIsImFmdGVyIjoiIiwiZW5hYmxlX2h0bWwiOiJvZmYifX0=@[\/et_pb_blurb][\/et_pb_column][et_pb_column type=&#8221;1_3&#8243; _builder_version=&#8221;4.16&#8243; _module_preset=&#8221;default&#8221; global_colors_info=&#8221;{}&#8221;][et_pb_image src=&#8221;@ET-DC@eyJkeW5hbWljIjp0cnVlLCJjb250ZW50IjoiY3VzdG9tX21ldGFfaWxldGlzaW1fZm9ybXVfcmVzaW1fOTAweDEyMDAiLCJzZXR0aW5ncyI6eyJiZWZvcmUiOiIiLCJhZnRlciI6IiIsImVuYWJsZV9odG1sIjoib2ZmIn19@&#8221; title_text=&#8221;divi-contact-form-1&#8243; align=&#8221;center&#8221; _builder_version=&#8221;4.27.4&#8243; _dynamic_attributes=&#8221;src&#8221; _module_preset=&#8221;default&#8221; max_width=&#8221;350px&#8221; module_alignment=&#8221;center&#8221; custom_margin=&#8221;||||false|false&#8221; custom_margin_tablet=&#8221;0px||||false|false&#8221; custom_margin_phone=&#8221;&#8221; custom_margin_last_edited=&#8221;on|tablet&#8221; global_colors_info=&#8221;{}&#8221;][\/et_pb_image][\/et_pb_column][et_pb_column type=&#8221;1_3&#8243; _builder_version=&#8221;4.16&#8243; _module_preset=&#8221;default&#8221; custom_padding=&#8221;20px|20px|20px|20px|true|true&#8221; box_shadow_style=&#8221;preset1&#8243; global_colors_info=&#8221;{}&#8221;][et_pb_text _builder_version=&#8221;4.27.4&#8243; _module_preset=&#8221;default&#8221; text_font=&#8221;Roboto|500||on|||||&#8221; text_text_color=&#8221;#000000&#8243; text_font_size=&#8221;36px&#8221; text_letter_spacing=&#8221;0.5px&#8221; text_line_height=&#8221;45px&#8221; custom_margin=&#8221;||20px||false|false&#8221; global_colors_info=&#8221;{}&#8221;]<\/p>\n<p>Mesaj Yollay\u0131n<\/p>\n<p>[\/et_pb_text][et_pb_contact_form email=&#8221;@ET-DC@eyJkeW5hbWljIjp0cnVlLCJjb250ZW50IjoiY3VzdG9tX21ldGFfZS1tYWlsIiwic2V0dGluZ3MiOnsiYmVmb3JlIjoiIiwiYWZ0ZXIiOiIiLCJlbmFibGVfaHRtbCI6Im9mZiJ9fQ==@&#8221; custom_message=&#8221;\u0130leti\u015fim formu mesaj detaylar\u0131:||et_pb_line_break_holder||||et_pb_line_break_holder||\u0130sim: %%isim%%||et_pb_line_break_holder||Email: %%email%%||et_pb_line_break_holder||Telefon: %%telefon%%||et_pb_line_break_holder||Mesaj: %%mesaj%%&#8221; success_message=&#8221;@ET-DC@eyJkeW5hbWljIjp0cnVlLCJjb250ZW50IjoiY3VzdG9tX21ldGFfb3RvbWF0aWtfY2V2YXAiLCJzZXR0aW5ncyI6eyJiZWZvcmUiOiIiLCJhZnRlciI6IiIsImVuYWJsZV9odG1sIjoib2ZmIn19@&#8221; submit_button_text=&#8221;G\u00f6nder&#8221; _builder_version=&#8221;4.27.4&#8243; _dynamic_attributes=&#8221;email,success_message&#8221; _module_preset=&#8221;default&#8221; form_field_background_color=&#8221;#ffffff&#8221; form_field_custom_margin=&#8221;||20px||false|false&#8221; captcha_font=&#8221;Questrial||||||||&#8221; captcha_text_color=&#8221;#000000&#8243; form_field_letter_spacing=&#8221;0.25px&#8221; form_field_line_height=&#8221;20px&#8221; custom_button=&#8221;on&#8221; button_text_size=&#8221;16px&#8221; button_text_color=&#8221;#000000&#8243; button_bg_color=&#8221;rgba(0,0,0,0.11)&#8221; button_border_width=&#8221;0px&#8221; button_border_color=&#8221;rgba(0,0,0,0)&#8221; button_border_radius=&#8221;5px&#8221; button_letter_spacing=&#8221;0.25px&#8221; button_font=&#8221;Roboto|||on|||||&#8221; button_use_icon=&#8221;off&#8221; button_custom_padding=&#8221;10px|50px|10px|50px|true|true&#8221; button_bg_color_last_edited=&#8221;off|desktop&#8221; custom_css_free_form=&#8221;selector .et-pb-contact-message {background:#2F5268;color:#ffffff;}&#8221; border_radii=&#8221;on|5px|5px|5px|5px&#8221; border_width_all=&#8221;1px&#8221; border_color_all=&#8221;#ccc&#8221; global_colors_info=&#8221;{}&#8221; button_bg_color__hover_enabled=&#8221;on|hover&#8221; button_bg_enable_color__hover=&#8221;on&#8221; button_text_color__hover_enabled=&#8221;off|hover&#8221; border_color_bottom__hover_enabled=&#8221;on|hover&#8221; button_letter_spacing__hover_enabled=&#8221;off|hover&#8221; button_border_width__hover_enabled=&#8221;off|hover&#8221; button_border_width__hover=&#8221;2px&#8221; button_border_color__hover_enabled=&#8221;on|hover&#8221; button_border_color__hover=&#8221;#1bbde8&#8243; form_field_text_color__hover_enabled=&#8221;off|hover&#8221; border_color_all__hover_enabled=&#8221;off|hover&#8221; border_width_all__hover_enabled=&#8221;off|hover&#8221; button_text_color__hover=&#8221;#000000&#8243; button_bg_color__hover=&#8221;#2F5268&#8243;][et_pb_contact_field field_id=&#8221;isim&#8221; field_title=&#8221;Ad\u0131 Soyad\u0131*&#8221; fullwidth_field=&#8221;on&#8221; _builder_version=&#8221;4.27.4&#8243; global_colors_info=&#8221;{}&#8221; button_text_size__hover_enabled=&#8221;off&#8221; button_one_text_size__hover_enabled=&#8221;off&#8221; button_two_text_size__hover_enabled=&#8221;off&#8221; button_text_color__hover_enabled=&#8221;off&#8221; button_one_text_color__hover_enabled=&#8221;off&#8221; button_two_text_color__hover_enabled=&#8221;off&#8221; button_border_width__hover_enabled=&#8221;off&#8221; button_one_border_width__hover_enabled=&#8221;off&#8221; button_two_border_width__hover_enabled=&#8221;off&#8221; button_border_color__hover_enabled=&#8221;off&#8221; button_one_border_color__hover_enabled=&#8221;off&#8221; button_two_border_color__hover_enabled=&#8221;off&#8221; button_border_radius__hover_enabled=&#8221;off&#8221; button_one_border_radius__hover_enabled=&#8221;off&#8221; button_two_border_radius__hover_enabled=&#8221;off&#8221; button_letter_spacing__hover_enabled=&#8221;off&#8221; button_one_letter_spacing__hover_enabled=&#8221;off&#8221; button_two_letter_spacing__hover_enabled=&#8221;off&#8221; button_bg_color__hover_enabled=&#8221;off&#8221; button_one_bg_color__hover_enabled=&#8221;off&#8221; button_two_bg_color__hover_enabled=&#8221;off&#8221;][\/et_pb_contact_field][et_pb_contact_field field_id=&#8221;email&#8221; field_title=&#8221;Email Adresi*&#8221; field_type=&#8221;email&#8221; fullwidth_field=&#8221;on&#8221; _builder_version=&#8221;4.27.4&#8243; global_colors_info=&#8221;{}&#8221; button_text_size__hover_enabled=&#8221;off&#8221; button_one_text_size__hover_enabled=&#8221;off&#8221; button_two_text_size__hover_enabled=&#8221;off&#8221; button_text_color__hover_enabled=&#8221;off&#8221; button_one_text_color__hover_enabled=&#8221;off&#8221; button_two_text_color__hover_enabled=&#8221;off&#8221; button_border_width__hover_enabled=&#8221;off&#8221; button_one_border_width__hover_enabled=&#8221;off&#8221; button_two_border_width__hover_enabled=&#8221;off&#8221; button_border_color__hover_enabled=&#8221;off&#8221; button_one_border_color__hover_enabled=&#8221;off&#8221; button_two_border_color__hover_enabled=&#8221;off&#8221; button_border_radius__hover_enabled=&#8221;off&#8221; button_one_border_radius__hover_enabled=&#8221;off&#8221; button_two_border_radius__hover_enabled=&#8221;off&#8221; button_letter_spacing__hover_enabled=&#8221;off&#8221; button_one_letter_spacing__hover_enabled=&#8221;off&#8221; button_two_letter_spacing__hover_enabled=&#8221;off&#8221; button_bg_color__hover_enabled=&#8221;off&#8221; button_one_bg_color__hover_enabled=&#8221;off&#8221; button_two_bg_color__hover_enabled=&#8221;off&#8221;][\/et_pb_contact_field][et_pb_contact_field field_id=&#8221;telefon&#8221; field_title=&#8221;Telefon*&#8221; fullwidth_field=&#8221;on&#8221; _builder_version=&#8221;4.27.4&#8243; _module_preset=&#8221;default&#8221; global_colors_info=&#8221;{}&#8221;][\/et_pb_contact_field][et_pb_contact_field field_id=&#8221;mesaj&#8221; field_title=&#8221;Mesaj*&#8221; field_type=&#8221;text&#8221; fullwidth_field=&#8221;on&#8221; _builder_version=&#8221;4.27.4&#8243; global_colors_info=&#8221;{}&#8221; button_text_size__hover_enabled=&#8221;off&#8221; button_one_text_size__hover_enabled=&#8221;off&#8221; button_two_text_size__hover_enabled=&#8221;off&#8221; button_text_color__hover_enabled=&#8221;off&#8221; button_one_text_color__hover_enabled=&#8221;off&#8221; button_two_text_color__hover_enabled=&#8221;off&#8221; button_border_width__hover_enabled=&#8221;off&#8221; button_one_border_width__hover_enabled=&#8221;off&#8221; button_two_border_width__hover_enabled=&#8221;off&#8221; button_border_color__hover_enabled=&#8221;off&#8221; button_one_border_color__hover_enabled=&#8221;off&#8221; button_two_border_color__hover_enabled=&#8221;off&#8221; button_border_radius__hover_enabled=&#8221;off&#8221; button_one_border_radius__hover_enabled=&#8221;off&#8221; button_two_border_radius__hover_enabled=&#8221;off&#8221; button_letter_spacing__hover_enabled=&#8221;off&#8221; button_one_letter_spacing__hover_enabled=&#8221;off&#8221; button_two_letter_spacing__hover_enabled=&#8221;off&#8221; button_bg_color__hover_enabled=&#8221;off&#8221; button_one_bg_color__hover_enabled=&#8221;off&#8221; button_two_bg_color__hover_enabled=&#8221;off&#8221;][\/et_pb_contact_field][\/et_pb_contact_form][\/et_pb_column][\/et_pb_row][\/et_pb_section][et_pb_section fb_built=&#8221;1&#8243; _builder_version=&#8221;4.27.4&#8243; _module_preset=&#8221;default&#8221; display_conditions=&#8221;W3siaWQiOiIxMWZkMTFiMy02YzZlLTQzMTAtYjBiNS0zZTYyZGZhMzkyYTkiLCJjb25kaXRpb24iOiJjdXN0b21GaWVsZCIsImNvbmRpdGlvblNldHRpbmdzIjp7InNlbGVjdENvbmRpdGlvbmFsTWV0YUZpZWxkIjoiZXlKa2FYTndiR0Y1VW5Wc1pTSTZJbWx6UVc1NVZtRnNkV1VpTENKelpXeGxZM1JsWkVacFpXeGtUbUZ0WlNJNkltZHZiMmRzWlY5b1lYSnBkR0VpTENKamRYTjBiMjFHYVdWc1pFNWhiV1VpT2lKbmIyOW5iR1ZmYUdGeWFYUmhJaXdpYzJWc1pXTjBaV1JHYVdWc1pGWmhiSFZsSWpvaWJXRnVkV0ZzUTNWemRHOXRSbWxsYkdSV1lXeDFaU0lzSW1OMWMzUnZiVVpwWld4a1ZtRnNkV1VpT2lKQnc2ZkVzV3NpZlE9PSIsImFkbWluTGFiZWwiOiLDlnplbCBHZW5pxZ9saWsiLCJlbmFibGVDb25kaXRpb24iOiJvbiJ9LCJvcGVyYXRvciI6Ik9SIn1d&#8221; custom_padding=&#8221;15px||15px||true|false&#8221; global_colors_info=&#8221;{}&#8221;][et_pb_row _builder_version=&#8221;4.27.4&#8243; _module_preset=&#8221;default&#8221; width=&#8221;100%&#8221; max_width=&#8221;100%&#8221; custom_padding=&#8221;15px||15px||true|false&#8221; global_colors_info=&#8221;{}&#8221;][et_pb_column type=&#8221;4_4&#8243; _builder_version=&#8221;4.27.4&#8243; _module_preset=&#8221;default&#8221; global_colors_info=&#8221;{}&#8221;][et_pb_text _builder_version=&#8221;4.27.4&#8243; _dynamic_attributes=&#8221;content&#8221; _module_preset=&#8221;default&#8221; global_colors_info=&#8221;{}&#8221;]@ET-DC@eyJkeW5hbWljIjp0cnVlLCJjb250ZW50IjoiY3VzdG9tX21ldGFfaGFyaXRhIiwic2V0dGluZ3MiOnsiYmVmb3JlIjoiIiwiYWZ0ZXIiOiIiLCJlbmFibGVfaHRtbCI6Im9uIn19@[\/et_pb_text][\/et_pb_column][\/et_pb_row][\/et_pb_section]<\/p>\n","protected":false},"excerpt":{"rendered":"<p>Bize Ula\u015f\u0131n Mesaj Yollay\u0131n<\/p>\n","protected":false},"author":1,"featured_media":0,"parent":0,"menu_order":0,"comment_status":"closed","ping_status":"closed","template":"","meta":{"_acf_changed":false,"_et_pb_use_builder":"on","_et_pb_old_content":"","_et_gb_content_width":"","footnotes":""},"class_list":["post-334551","page","type-page","status-publish","hentry"],"acf":[],"_links":{"self":[{"href":"https:\/\/sitenhazir.net\/doktor-sitesi\/01a\/wp-json\/wp\/v2\/pages\/334551","targetHints":{"allow":["GET"]}}],"collection":[{"href":"https:\/\/sitenhazir.net\/doktor-sitesi\/01a\/wp-json\/wp\/v2\/pages"}],"about":[{"href":"https:\/\/sitenhazir.net\/doktor-sitesi\/01a\/wp-json\/wp\/v2\/types\/page"}],"author":[{"embeddable":true,"href":"https:\/\/sitenhazir.net\/doktor-sitesi\/01a\/wp-json\/wp\/v2\/users\/1"}],"replies":[{"embeddable":true,"href":"https:\/\/sitenhazir.net\/doktor-sitesi\/01a\/wp-json\/wp\/v2\/comments?post=334551"}],"version-history":[{"count":0,"href":"https:\/\/sitenhazir.net\/doktor-sitesi\/01a\/wp-json\/wp\/v2\/pages\/334551\/revisions"}],"wp:attachment":[{"href":"https:\/\/sitenhazir.net\/doktor-sitesi\/01a\/wp-json\/wp\/v2\/media?parent=334551"}],"curies":[{"name":"wp","href":"https:\/\/api.w.org\/{rel}","templated":true}]}}