{"id":334491,"date":"2024-11-27T12:10:06","date_gmt":"2024-11-27T09:10:06","guid":{"rendered":"https:\/\/sitenhazir.net\/doktor-sitesi\/01a\/?page_id=334491"},"modified":"2025-01-07T21:02:34","modified_gmt":"2025-01-07T18:02:34","slug":"randevu-al","status":"publish","type":"page","link":"https:\/\/sitenhazir.net\/doktor-sitesi\/01a\/randevu-al\/","title":{"rendered":"Randevu Al"},"content":{"rendered":"<p>[et_pb_section fb_built=&#8221;1&#8243; module_class=&#8221;.page_header_section&#8221; _builder_version=&#8221;4.27.4&#8243; _module_preset=&#8221;default&#8221; background_color=&#8221;#2f5268&#8243; custom_padding=&#8221;25px||25px||true|false&#8221; global_colors_info=&#8221;{}&#8221;][et_pb_row _builder_version=&#8221;4.27.3&#8243; _module_preset=&#8221;default&#8221; custom_padding=&#8221;25px||25px||true|false&#8221; global_colors_info=&#8221;{}&#8221;][et_pb_column type=&#8221;4_4&#8243; _builder_version=&#8221;4.27.3&#8243; _module_preset=&#8221;default&#8221; global_colors_info=&#8221;{}&#8221;][et_pb_post_title meta=&#8221;off&#8221; featured_image=&#8221;off&#8221; module_class=&#8221;page_header_title&#8221; _builder_version=&#8221;4.27.4&#8243; _module_preset=&#8221;default&#8221; title_font=&#8221;Poppins||||||||&#8221; title_text_align=&#8221;center&#8221; title_text_color=&#8221;#FFFFFF&#8221; title_font_size=&#8221;45px&#8221; global_colors_info=&#8221;{}&#8221;][\/et_pb_post_title][\/et_pb_column][\/et_pb_row][\/et_pb_section][et_pb_section fb_built=&#8221;1&#8243; custom_padding_last_edited=&#8221;on|tablet&#8221; module_class=&#8221;randevu_section&#8221; _builder_version=&#8221;4.27.4&#8243; _dynamic_attributes=&#8221;background_image&#8221; _module_preset=&#8221;default&#8221; background_image=&#8221;@ET-DC@eyJkeW5hbWljIjp0cnVlLCJjb250ZW50IjoiY3VzdG9tX21ldGFfcmFuZGV2dV9mb3JtdV9hcmthcGxhbl9yZXNtaSIsInNldHRpbmdzIjp7ImJlZm9yZSI6IiIsImFmdGVyIjoiIiwiZW5hYmxlX2h0bWwiOiJvZmYifX0=@&#8221; background_position=&#8221;top_right&#8221; custom_padding_tablet=&#8221;0px||0px||true|false&#8221; custom_padding_phone=&#8221;0px||0px||true|false&#8221; background_last_edited=&#8221;on|tablet&#8221; background_enable_image_tablet=&#8221;off&#8221; global_colors_info=&#8221;{}&#8221;][et_pb_row column_structure=&#8221;2_5,3_5&#8243; make_equal=&#8221;on&#8221; module_class=&#8221;digr_mdoc_contact&#8221; _builder_version=&#8221;4.23.1&#8243; _module_preset=&#8221;default&#8221; global_colors_info=&#8221;{}&#8221;][et_pb_column type=&#8221;2_5&#8243; _builder_version=&#8221;4.23.1&#8243; _module_preset=&#8221;default&#8221; animation_style=&#8221;slide&#8221; animation_direction=&#8221;left&#8221; global_colors_info=&#8221;{}&#8221;][et_pb_blurb title=&#8221;@ET-DC@eyJkeW5hbWljIjp0cnVlLCJjb250ZW50IjoiY3VzdG9tX21ldGFfcmFuZGV2dV9mb3JtdV9iYXNsaWdpIiwic2V0dGluZ3MiOnsiYmVmb3JlIjoiIiwiYWZ0ZXIiOiIiLCJlbmFibGVfaHRtbCI6Im9mZiJ9fQ==@&#8221; module_class=&#8221;randevu_form_title&#8221; _builder_version=&#8221;4.27.4&#8243; _dynamic_attributes=&#8221;title,content&#8221; _module_preset=&#8221;default&#8221; header_font=&#8221;Marcellus||||||||&#8221; header_text_color=&#8221;#2F5268&#8243; header_font_size=&#8221;32px&#8221; body_font=&#8221;Questrial||||||||&#8221; body_font_size=&#8221;15px&#8221; global_colors_info=&#8221;{}&#8221;]@ET-DC@eyJkeW5hbWljIjp0cnVlLCJjb250ZW50IjoiY3VzdG9tX21ldGFfcmFuZGV2dV9mb3JtdV9hY2lrbGFtYSIsInNldHRpbmdzIjp7ImJlZm9yZSI6IiIsImFmdGVyIjoiIiwiZW5hYmxlX2h0bWwiOiJvZmYifX0=@[\/et_pb_blurb][et_pb_contact_form email=&#8221;@ET-DC@eyJkeW5hbWljIjp0cnVlLCJjb250ZW50IjoiYWNmLS1pbGV0aXNpbV9lLW1haWwtLXRleHQiLCJzZXR0aW5ncyI6eyJiZWZvcmUiOiIiLCJhZnRlciI6IiIsImVuYWJsZV9odG1sIjoib2ZmIn19@&#8221; custom_message=&#8221;Randevu talebi detaylar\u0131:||et_pb_line_break_holder||||et_pb_line_break_holder||Ad\u0131 Soyad\u0131: %%isim%%||et_pb_line_break_holder||Telefon No: %%telefon%%||et_pb_line_break_holder||Problemi: %%problem%%||et_pb_line_break_holder||G\u00f6r\u00fc\u015fme \u015eekli: %%gorusme%%||et_pb_line_break_holder||Mesaj\u0131: %%mesaj%%&#8221; success_message=&#8221;@ET-DC@eyJkeW5hbWljIjp0cnVlLCJjb250ZW50IjoiY3VzdG9tX21ldGFfcmFuZGV2dV9vdG9tYXRpa19jZXZhcCIsInNldHRpbmdzIjp7ImJlZm9yZSI6IiIsImFmdGVyIjoiIiwiZW5hYmxlX2h0bWwiOiJvZmYifX0=@&#8221; submit_button_text=&#8221;G\u00f6nder&#8221; _builder_version=&#8221;4.27.4&#8243; _dynamic_attributes=&#8221;success_message,email&#8221; _module_preset=&#8221;default&#8221; _unique_id=&#8221;fa019bbe-e9e5-4a71-ab4f-06a4e3b61c67&#8243; form_field_background_color=&#8221;rgba(255,255,255,0.2)&#8221; form_field_text_color=&#8221;#000835&#8243; form_field_focus_text_color=&#8221;#000000&#8243; title_level=&#8221;h2&#8243; title_font=&#8221;Nunito|700|||||||&#8221; title_text_align=&#8221;center&#8221; title_text_color=&#8221;#00105f&#8221; title_line_height=&#8221;1.2em&#8221; captcha_font=&#8221;Nunito|700||on|||||&#8221; captcha_text_color=&#8221;#00105f&#8221; form_field_font=&#8221;Questrial||||||||&#8221; custom_button=&#8221;on&#8221; button_text_size=&#8221;17px&#8221; button_text_color=&#8221;#FFFFFF&#8221; button_bg_color=&#8221;#2f5468&#8243; button_border_width=&#8221;0px&#8221; button_border_radius=&#8221;100px&#8221; button_font=&#8221;Marcellus||||||||&#8221; button_use_icon=&#8221;off&#8221; button_custom_padding=&#8221;5px||5px||true|false&#8221; text_orientation=&#8221;left&#8221; custom_margin=&#8221;25px||||false|false&#8221; title_text_align_tablet=&#8221;left&#8221; title_text_align_phone=&#8221;left&#8221; title_text_align_last_edited=&#8221;on|tablet&#8221; title_font_size_tablet=&#8221;&#8221; title_font_size_phone=&#8221;22px&#8221; title_font_size_last_edited=&#8221;on|phone&#8221; button_text_size_tablet=&#8221;16px&#8221; button_text_size_phone=&#8221;13px&#8221; button_text_size_last_edited=&#8221;on|tablet&#8221; custom_css_free_form=&#8221;.digr_mdoc_contact .et_contact_bottom_container{||  float:none;||margin-top:0;||}||@media only screen and (max-width: 768px) {||  .digr_mdoc_contact .et_contact_bottom_container{||  margin-top:30px;||}||}&#8221; custom_css_contact_title=&#8221;padding-bottom:30px;&#8221; custom_css_contact_button=&#8221;width:100%&#8221; custom_css_captcha_field=&#8221;border-radius:5px!important;&#8221; border_radii=&#8221;on|150px|150px|150px|150px&#8221; border_width_all=&#8221;1px&#8221; locked=&#8221;off&#8221; global_colors_info=&#8221;{}&#8221;][et_pb_contact_field field_id=&#8221;isim&#8221; field_title=&#8221;Ad\u0131 Soyad\u0131&#8221; _builder_version=&#8221;4.27.4&#8243; global_colors_info=&#8221;{}&#8221; button_text_size__hover_enabled=&#8221;off&#8221; button_one_text_size__hover_enabled=&#8221;off&#8221; button_two_text_size__hover_enabled=&#8221;off&#8221; button_text_color__hover_enabled=&#8221;off&#8221; button_one_text_color__hover_enabled=&#8221;off&#8221; button_two_text_color__hover_enabled=&#8221;off&#8221; button_border_width__hover_enabled=&#8221;off&#8221; button_one_border_width__hover_enabled=&#8221;off&#8221; button_two_border_width__hover_enabled=&#8221;off&#8221; button_border_color__hover_enabled=&#8221;off&#8221; button_one_border_color__hover_enabled=&#8221;off&#8221; button_two_border_color__hover_enabled=&#8221;off&#8221; button_border_radius__hover_enabled=&#8221;off&#8221; button_one_border_radius__hover_enabled=&#8221;off&#8221; button_two_border_radius__hover_enabled=&#8221;off&#8221; button_letter_spacing__hover_enabled=&#8221;off&#8221; button_one_letter_spacing__hover_enabled=&#8221;off&#8221; button_two_letter_spacing__hover_enabled=&#8221;off&#8221; button_bg_color__hover_enabled=&#8221;off&#8221; button_one_bg_color__hover_enabled=&#8221;off&#8221; button_two_bg_color__hover_enabled=&#8221;off&#8221;][\/et_pb_contact_field][et_pb_contact_field field_id=&#8221;telefon&#8221; field_title=&#8221;Telefon&#8221; _builder_version=&#8221;4.27.4&#8243; global_colors_info=&#8221;{}&#8221; button_text_size__hover_enabled=&#8221;off&#8221; button_one_text_size__hover_enabled=&#8221;off&#8221; button_two_text_size__hover_enabled=&#8221;off&#8221; button_text_color__hover_enabled=&#8221;off&#8221; button_one_text_color__hover_enabled=&#8221;off&#8221; button_two_text_color__hover_enabled=&#8221;off&#8221; button_border_width__hover_enabled=&#8221;off&#8221; button_one_border_width__hover_enabled=&#8221;off&#8221; button_two_border_width__hover_enabled=&#8221;off&#8221; button_border_color__hover_enabled=&#8221;off&#8221; button_one_border_color__hover_enabled=&#8221;off&#8221; button_two_border_color__hover_enabled=&#8221;off&#8221; button_border_radius__hover_enabled=&#8221;off&#8221; button_one_border_radius__hover_enabled=&#8221;off&#8221; button_two_border_radius__hover_enabled=&#8221;off&#8221; button_letter_spacing__hover_enabled=&#8221;off&#8221; button_one_letter_spacing__hover_enabled=&#8221;off&#8221; button_two_letter_spacing__hover_enabled=&#8221;off&#8221; button_bg_color__hover_enabled=&#8221;off&#8221; button_one_bg_color__hover_enabled=&#8221;off&#8221; button_two_bg_color__hover_enabled=&#8221;off&#8221;][\/et_pb_contact_field][et_pb_contact_field field_id=&#8221;problem&#8221; field_title=&#8221;Probleminiz&#8221; _builder_version=&#8221;4.27.4&#8243; global_colors_info=&#8221;{}&#8221; button_text_size__hover_enabled=&#8221;off&#8221; button_one_text_size__hover_enabled=&#8221;off&#8221; button_two_text_size__hover_enabled=&#8221;off&#8221; button_text_color__hover_enabled=&#8221;off&#8221; button_one_text_color__hover_enabled=&#8221;off&#8221; button_two_text_color__hover_enabled=&#8221;off&#8221; button_border_width__hover_enabled=&#8221;off&#8221; button_one_border_width__hover_enabled=&#8221;off&#8221; button_two_border_width__hover_enabled=&#8221;off&#8221; button_border_color__hover_enabled=&#8221;off&#8221; button_one_border_color__hover_enabled=&#8221;off&#8221; button_two_border_color__hover_enabled=&#8221;off&#8221; button_border_radius__hover_enabled=&#8221;off&#8221; button_one_border_radius__hover_enabled=&#8221;off&#8221; button_two_border_radius__hover_enabled=&#8221;off&#8221; button_letter_spacing__hover_enabled=&#8221;off&#8221; button_one_letter_spacing__hover_enabled=&#8221;off&#8221; button_two_letter_spacing__hover_enabled=&#8221;off&#8221; button_bg_color__hover_enabled=&#8221;off&#8221; button_one_bg_color__hover_enabled=&#8221;off&#8221; button_two_bg_color__hover_enabled=&#8221;off&#8221;][\/et_pb_contact_field][et_pb_contact_field field_id=&#8221;gorusme&#8221; field_title=&#8221;G\u00f6r\u00fc\u015fme \u015eekli&#8221; field_type=&#8221;select&#8221; select_options=&#8221;%91{%22value%22:%22Online%22,%22checked%22:0,%22dragID%22:-1},{%22value%22:%22Y\u00fcz Y\u00fcze%22,%22checked%22:0,%22dragID%22:0}%93&#8243; _builder_version=&#8221;4.27.4&#8243; global_colors_info=&#8221;{}&#8221; button_text_size__hover_enabled=&#8221;off&#8221; button_one_text_size__hover_enabled=&#8221;off&#8221; button_two_text_size__hover_enabled=&#8221;off&#8221; button_text_color__hover_enabled=&#8221;off&#8221; button_one_text_color__hover_enabled=&#8221;off&#8221; button_two_text_color__hover_enabled=&#8221;off&#8221; button_border_width__hover_enabled=&#8221;off&#8221; button_one_border_width__hover_enabled=&#8221;off&#8221; button_two_border_width__hover_enabled=&#8221;off&#8221; button_border_color__hover_enabled=&#8221;off&#8221; button_one_border_color__hover_enabled=&#8221;off&#8221; button_two_border_color__hover_enabled=&#8221;off&#8221; button_border_radius__hover_enabled=&#8221;off&#8221; button_one_border_radius__hover_enabled=&#8221;off&#8221; button_two_border_radius__hover_enabled=&#8221;off&#8221; button_letter_spacing__hover_enabled=&#8221;off&#8221; button_one_letter_spacing__hover_enabled=&#8221;off&#8221; button_two_letter_spacing__hover_enabled=&#8221;off&#8221; button_bg_color__hover_enabled=&#8221;off&#8221; button_one_bg_color__hover_enabled=&#8221;off&#8221; button_two_bg_color__hover_enabled=&#8221;off&#8221;][\/et_pb_contact_field][et_pb_contact_field field_id=&#8221;mesaj&#8221; field_title=&#8221;Mesaj\u0131n\u0131z&#8221; field_type=&#8221;text&#8221; fullwidth_field=&#8221;on&#8221; _builder_version=&#8221;4.27.4&#8243; border_radii=&#8221;on|12px|12px|12px|12px&#8221; global_colors_info=&#8221;{}&#8221; button_text_size__hover_enabled=&#8221;off&#8221; button_one_text_size__hover_enabled=&#8221;off&#8221; button_two_text_size__hover_enabled=&#8221;off&#8221; button_text_color__hover_enabled=&#8221;off&#8221; button_one_text_color__hover_enabled=&#8221;off&#8221; button_two_text_color__hover_enabled=&#8221;off&#8221; button_border_width__hover_enabled=&#8221;off&#8221; button_one_border_width__hover_enabled=&#8221;off&#8221; button_two_border_width__hover_enabled=&#8221;off&#8221; button_border_color__hover_enabled=&#8221;off&#8221; button_one_border_color__hover_enabled=&#8221;off&#8221; button_two_border_color__hover_enabled=&#8221;off&#8221; button_border_radius__hover_enabled=&#8221;off&#8221; button_one_border_radius__hover_enabled=&#8221;off&#8221; button_two_border_radius__hover_enabled=&#8221;off&#8221; button_letter_spacing__hover_enabled=&#8221;off&#8221; button_one_letter_spacing__hover_enabled=&#8221;off&#8221; button_two_letter_spacing__hover_enabled=&#8221;off&#8221; button_bg_color__hover_enabled=&#8221;off&#8221; button_one_bg_color__hover_enabled=&#8221;off&#8221; button_two_bg_color__hover_enabled=&#8221;off&#8221;][\/et_pb_contact_field][et_pb_contact_field field_id=&#8221;kabul&#8221; field_title=&#8221;A\u015fa\u011f\u0131daki zorunlu alanlar\u0131 i\u015faretleyiniz&#8221; field_type=&#8221;checkbox&#8221; checkbox_options=&#8221;%91{%22value%22:%22Benimle e-posta, telefon veya SMS yoluyla ileti\u015fim kurulmas\u0131n\u0131 kabul ediyorum.%22,%22checked%22:0,%22dragID%22:-1},{%22value%22:%22KVKK metnini okudum, verilerin i\u015flenmesini kabul ediyorum.%22,%22checked%22:0,%22dragID%22:0,%22link_url%22:%22https:\/\/sitenhazir.net\/doktor-sitesi\/01a\/bilgi\/kvkk-metni\/%22,%22link_text%22:%22%22}%93&#8243; fullwidth_field=&#8221;on&#8221; _builder_version=&#8221;4.27.4&#8243; _module_preset=&#8221;default&#8221; form_field_font_size=&#8221;13px&#8221; global_colors_info=&#8221;{}&#8221;][\/et_pb_contact_field][\/et_pb_contact_form][\/et_pb_column][et_pb_column type=&#8221;3_5&#8243; _builder_version=&#8221;4.23.1&#8243; _module_preset=&#8221;default&#8221; global_colors_info=&#8221;{}&#8221;][\/et_pb_column][\/et_pb_row][\/et_pb_section]<\/p>\n","protected":false},"excerpt":{"rendered":"","protected":false},"author":1,"featured_media":0,"parent":0,"menu_order":0,"comment_status":"closed","ping_status":"closed","template":"","meta":{"_acf_changed":false,"_et_pb_use_builder":"on","_et_pb_old_content":"","_et_gb_content_width":"","footnotes":""},"class_list":["post-334491","page","type-page","status-publish","hentry"],"acf":[],"_links":{"self":[{"href":"https:\/\/sitenhazir.net\/doktor-sitesi\/01a\/wp-json\/wp\/v2\/pages\/334491","targetHints":{"allow":["GET"]}}],"collection":[{"href":"https:\/\/sitenhazir.net\/doktor-sitesi\/01a\/wp-json\/wp\/v2\/pages"}],"about":[{"href":"https:\/\/sitenhazir.net\/doktor-sitesi\/01a\/wp-json\/wp\/v2\/types\/page"}],"author":[{"embeddable":true,"href":"https:\/\/sitenhazir.net\/doktor-sitesi\/01a\/wp-json\/wp\/v2\/users\/1"}],"replies":[{"embeddable":true,"href":"https:\/\/sitenhazir.net\/doktor-sitesi\/01a\/wp-json\/wp\/v2\/comments?post=334491"}],"version-history":[{"count":0,"href":"https:\/\/sitenhazir.net\/doktor-sitesi\/01a\/wp-json\/wp\/v2\/pages\/334491\/revisions"}],"wp:attachment":[{"href":"https:\/\/sitenhazir.net\/doktor-sitesi\/01a\/wp-json\/wp\/v2\/media?parent=334491"}],"curies":[{"name":"wp","href":"https:\/\/api.w.org\/{rel}","templated":true}]}}